{"id":200,"date":"2024-01-02T05:55:41","date_gmt":"2024-01-02T04:55:41","guid":{"rendered":"https:\/\/lawendowylatoszyn.pl\/index.php\/wpbc-booking\/"},"modified":"2024-01-02T05:55:41","modified_gmt":"2024-01-02T04:55:41","slug":"wpbc-booking","status":"publish","type":"page","link":"https:\/\/lawendowylatoszyn.pl\/index.php\/wpbc-booking\/","title":{"rendered":"Formularz rezerwacji"},"content":{"rendered":" <div id=\"form_id1614153047352\"  class=\"wpbc_container wpbc_form wpbc_container_booking_form  \" ><form  id=\"booking_form1\"   class=\"booking_form vertical\" method=\"post\" action=\"\"><div id=\"ajax_respond_insert1\" class=\"ajax_respond_insert\" style=\"display:none;\"><\/div><a name=\"bklnk1\" id=\"bklnk1\"><\/a><div id=\"booking_form_div1\" class=\"booking_form_div\"><style type=\"text\/css\">.wpbc_container_booking_form .block_hints, .wpbc_booking_form_simple.wpbc_form_center .wpbc__form__div .wpbc__row.wpbc_r_calendar,  .wpbc_booking_form_simple .wpbc__form__div .wpbc__row:not(.wpbc_r_calendar){max-width:440px;} <\/style>\n<div class=\"wpbc_booking_form_simple \">\n   <div class=\"wpbc__form__div\">\n    <div class=\"wpbc_r_calendar wpbc__row\">\n      <div class=\"wpbc__field\"> <div class=\"wpbc_calendar_wraper wpbc_change_over_triangle\"><div class=\"wpbc_cal_container bk_calendar_frame wpbc_no_custom_width  months_num_in_row_ cal_month_num_1\" style=\"\"><div id=\"calendar_booking1\">Wczytuj\u0119 kalendarz...<\/div><\/div><div style=\"font-size:7px;text-align:left;margin:0 0 10px;text-shadow: none;\">Powered by <a href=\"https:\/\/wpbookingcalendar.com\" style=\"font-size:7px;\" target=\"_blank\" title=\"Booking Calendar plugin for WordPress\">Booking Calendar<\/a><\/div><textarea id=\"date_booking1\" name=\"date_booking1\" autocomplete=\"off\" style=\"display:none;\"><\/textarea><div class=\"block_hints datepick \"><div class=\"wpdev_hint_with_text\"><div class=\"block_free datepick-days-cell\"><a>&nbsp;<\/a><\/div><div class=\"block_text\">- <\/div><div class=\"block_text\">Dost\u0119pne<\/div><\/div><div class=\"wpdev_hint_with_text\"><div class=\"block_booked date_approved\">&nbsp;<\/div><div class=\"block_text\">- <\/div><div class=\"block_text\">Zarezerwowano<\/div><\/div><div class=\"wpdev_hint_with_text\"><div class=\"block_pending date2approve\">&nbsp;<\/div><div class=\"block_text\">- <\/div><div class=\"block_text\">Oczekuj\u0105ce<\/div><\/div><div class=\"wpdev_hint_with_text\"><div class=\"\"><span class=\" wpbc_change_over_triangle\"><div class=\"datepick-inline wpbc_calendar_legend_table_width_height\"><table class=\"datepick\" style=\"\"><tbody><tr><td class=\"datepick-days-cell date_available date2approve timespartly times_clock wpbc_calendar_legend_day_cell_height\"><div class=\"wpbc-cell-box\">\t<div class=\"wpbc-diagonal-el\">\t\t<div class=\"wpbc-co-out\"><svg height=\"100%\" width=\"100%\" viewBox=\"0 0 100 100\" preserveAspectRatio=\"none\"><polygon points=\"0,0 0,99 99,0\"><\/polygon><polygon points=\"0,0 0,100 49,100 49,0\"><\/polygon><\/svg><\/div>\t\t<div class=\"wpbc-co-in\"><svg height=\"100%\" width=\"100%\" viewBox=\"0 0 98 98\" preserveAspectRatio=\"none\"><polygon points=\"0,99 99,99 99,0\"><\/polygon><polygon points=\"50,98 98,98 98,0 50,0\"><\/polygon><\/svg><\/div>\t<\/div>\t<div class=\"date-cell-content\">\t\t<div class=\"date-content-top\"><div class=\"wpbc_time_dots\">\u00b7<\/div><\/div>\t\t<a>&nbsp;<\/a>\t\t<div class=\"date-content-bottom\"><\/div>\t<\/div><\/div><\/td><\/tr><\/tbody><\/table><\/div><\/span><\/div><div class=\"block_text\">- <\/div><div class=\"block_text\">Cz\u0119\u015bciowo zarezerwowane<\/div><\/div><\/div><\/div><\/div>\n    <\/div>\n    <div class=\"wpbc_r_rangetime wpbc__row\">\n      <div class=\"wpbc__field\">  <label for=\"rangetime1\">Time Slots*:<\/label><br>   <select name=\"rangetime1\" id=\"rangetime1\" class=\"input-xlarge wpdev-validates-as-required\" >  <option value=\"09:00 - 10:00\" >9:00 AM - 10:00 AM<\/option>  <option value=\"10:00 - 11:00\" >10:00 AM - 11:00 AM<\/option>  <option value=\"11:00 - 12:00\" >11:00 AM - 12:00 PM (Noon)<\/option>  <option value=\"12:00 - 13:00\" >12:00 PM (Noon) - 1:00 PM<\/option>  <option value=\"13:00 - 14:00\" >1:00 PM - 2:00 PM<\/option>  <option value=\"14:00 - 15:00\" >2:00 PM - 3:00 PM<\/option>  <option value=\"15:00 - 16:00\" >3:00 PM - 4:00 PM<\/option>  <option value=\"16:00 - 17:00\" >4:00 PM - 5:00 PM<\/option>  <option value=\"17:00 - 18:00\" >5:00 PM - 6:00 PM<\/option>  <option value=\"18:00 - 19:00\" >6:00 PM - 7:00 PM<\/option>  <option value=\"00:00 - 24:00\" >Full Day<\/option>     <\/select><\/div>\n    <\/div>\n    <div class=\"wpbc_r_name wpbc__row\">\n      <div class=\"wpbc__field\">  <label for=\"name1\">First Name*:<\/label><br>   <input type=\"text\" name=\"name1\" id=\"name1\" class=\"input-xlarge wpdev-validates-as-required\" \/><\/div>\n    <\/div>\n    <div class=\"wpbc_r_secondname wpbc__row\">\n      <div class=\"wpbc__field\">  <label for=\"secondname1\">Last Name*:<\/label><br>   <input type=\"text\" name=\"secondname1\" id=\"secondname1\" class=\"input-xlarge wpdev-validates-as-required\" \/><\/div>\n    <\/div>\n    <div class=\"wpbc_r_email wpbc__row\">\n      <div class=\"wpbc__field\">  <label for=\"email1\">Email*:<\/label><br>   <input type=\"text\" name=\"email1\" id=\"email1\" class=\"input-xlarge wpdev-validates-as-email wpdev-validates-as-required wpdev-validates-as-required\" \/><\/div>\n    <\/div>\n    <div class=\"wpbc_r_phone wpbc__row\">\n      <div class=\"wpbc__field\">  <label for=\"phone1\">Phone:<\/label><br>   <input type=\"text\" name=\"phone1\" id=\"phone1\" class=\"input-xlarge\" \/><\/div>\n    <\/div>\n    <div class=\"wpbc_r_details wpbc__row\">\n      <div class=\"wpbc__field\">  <label for=\"details1\">Details:<\/label><br>   <textarea  rows=\"3\" name=\"details1\" id=\"details1\" class=\"input-xlarge\" ><\/textarea><\/div>\n    <\/div>\n    <div class=\"wpbc_r_captcha wpbc__row\">\n      <div class=\"wpbc__field\"> <\/div>\n    <\/div>\n    <div class=\"wpbc_r_submit wpbc__row\">\n      <div class=\"wpbc__field\"> <button class=\"wpbc_button_light\" type=\"button\" onclick=\"mybooking_submit(this.form,1,'pl_PL');\" >Wy\u015blij<\/button>\n<\/div>\n    <\/div>\n   <\/div>\n<\/div><input id=\"bk_type1\" name=\"bk_type1\" class=\"\" type=\"hidden\" value=\"1\" \/><\/div><div id=\"submiting1\"><\/div><div class=\"form_bk_messages\" id=\"form_bk_messages1\" ><\/div><input type=\"hidden\" id=\"wpbc_nonceCALCULATE_THE_COST1\" name=\"wpbc_nonceCALCULATE_THE_COST1\" value=\"49ee3ec4b1\" \/><input type=\"hidden\" name=\"_wp_http_referer\" value=\"\/index.php\/wp-json\/wp\/v2\/pages\/200\" \/><\/form><\/div><div id=\"booking_form_garbage1\" class=\"booking_form_garbage\"><\/div><script type=\"text\/javascript\"> (function() { var a = setInterval( function() {  if ( ( 'undefined' === typeof jQuery ) || ! window.jQuery ) { return; } clearInterval( a ); jQuery( document ).ready( function (){ jQuery(\".widget_wpdev_booking .booking_form.form-horizontal\").removeClass(\"form-horizontal\");\n                                    var visible_calendars_count = _wpbc.get_other_param( \"calendars__on_this_page\" ).length;\n                                    if (visible_calendars_count !== null ) {\n                                        for (var i=0;i< visible_calendars_count ;i++){\n                                          if ( _wpbc.get_other_param( \"calendars__on_this_page\" )[i] === 1 ) {\n                                              document.getElementById(\"form_id1614153047352\").innerHTML = \"<span style='color:#A00;font-size:10px;'>Uwaga! Kalendarz rezerwacji dla tego zasobu rezerwacji jest ju\u017c na stronie, sprawd\u017a wi\u0119cej na ten temat tutaj: https:\/\/wpbookingcalendar.com\/faq\/why-the-booking-calendar-widget-not-show-on-page\/<\/span>\";                                                                                                  \n                                              jQuery(\"#form_id1614153047352\").animate( {opacity: 1}, 10000 ).fadeOut(5000);\n                                              return;\n                                          }\n                                        }\n                                        _wpbc.get_other_param( \"calendars__on_this_page\" )[ visible_calendars_count ]=1;\n                                    } } ); }, 500 ); })();<\/script> <script type=\"text\/javascript\"> (function() { var a = setInterval( function() {  if ( ( 'undefined' === typeof jQuery ) || ! window.jQuery ) { return; } clearInterval( a ); jQuery( document ).ready( function (){ _wpbc.balancer__set_max_threads( 3 );  _wpbc.calendar__set_param_value( 1 , 'calendar_scroll_to' , false );  _wpbc.calendar__set_param_value( 1 , 'booking_max_monthes_in_calendar' , '2y' );  _wpbc.calendar__set_param_value( 1 , 'booking_start_day_weeek' , '0' );  _wpbc.calendar__set_param_value( 1 , 'calendar_number_of_months' , '1' );   _wpbc.calendar__set_param_value( 1, 'days_select_mode', 'multiple' );   _wpbc.calendar__set_param_value( 1, 'fixed__days_num', 0 );   _wpbc.calendar__set_param_value( 1, 'fixed__week_days__start',   [] );   _wpbc.calendar__set_param_value( 1, 'dynamic__days_min', 0 );   _wpbc.calendar__set_param_value( 1, 'dynamic__days_max', 0 );   _wpbc.calendar__set_param_value( 1, 'dynamic__days_specific',    [] );   _wpbc.calendar__set_param_value( 1, 'dynamic__week_days__start', [] );   _wpbc.calendar__set_param_value( 1, 'booking_date_format', 'Y-m-d' );   _wpbc.calendar__set_param_value( 1, 'booking_time_format', 'H:i' );   if ( 'function' === typeof ( wpbc__conditions__SAVE_INITIAL__days_selection_params__bm ) ){ wpbc__conditions__SAVE_INITIAL__days_selection_params__bm( 1 ); }   wpbc_calendar_show( '1' );   _wpbc.set_secure_param( 'nonce',   '685d1f6b9e' );   _wpbc.set_secure_param( 'user_id', '0' );   _wpbc.set_secure_param( 'locale',  'pl_PL' );  wpbc_calendar__load_data__ajx( {\"resource_id\":1,\"booking_hash\":\"\",\"request_uri\":\"\\\/index.php\\\/wp-json\\\/wp\\\/v2\\\/pages\\\/200\",\"custom_form\":\"standard\",\"aggregate_resource_id_str\":\"\",\"aggregate_type\":\"all\"} ); } ); }, 500 ); })();<\/script>\n","protected":false},"excerpt":{"rendered":"","protected":false},"author":1,"featured_media":0,"parent":0,"menu_order":0,"comment_status":"closed","ping_status":"closed","template":"","meta":{"site-sidebar-layout":"default","site-content-layout":"","ast-site-content-layout":"","site-content-style":"default","site-sidebar-style":"default","ast-global-header-display":"","ast-banner-title-visibility":"","ast-main-header-display":"","ast-hfb-above-header-display":"","ast-hfb-below-header-display":"","ast-hfb-mobile-header-display":"","site-post-title":"","ast-breadcrumbs-content":"","ast-featured-img":"","footer-sml-layout":"","theme-transparent-header-meta":"","adv-header-id-meta":"","stick-header-meta":"","header-above-stick-meta":"","header-main-stick-meta":"","header-below-stick-meta":"","astra-migrate-meta-layouts":"default","ast-page-background-enabled":"default","ast-page-background-meta":{"desktop":{"background-color":"var(--ast-global-color-4)","background-image":"","background-repeat":"repeat","background-position":"center center","background-size":"auto","background-attachment":"scroll","background-type":"","background-media":"","overlay-type":"","overlay-color":"","overlay-gradient":""},"tablet":{"background-color":"","background-image":"","background-repeat":"repeat","background-position":"center center","background-size":"auto","background-attachment":"scroll","background-type":"","background-media":"","overlay-type":"","overlay-color":"","overlay-gradient":""},"mobile":{"background-color":"","background-image":"","background-repeat":"repeat","background-position":"center center","background-size":"auto","background-attachment":"scroll","background-type":"","background-media":"","overlay-type":"","overlay-color":"","overlay-gradient":""}},"ast-content-background-meta":{"desktop":{"background-color":"var(--ast-global-color-5)","background-image":"","background-repeat":"repeat","background-position":"center center","background-size":"auto","background-attachment":"scroll","background-type":"","background-media":"","overlay-type":"","overlay-color":"","overlay-gradient":""},"tablet":{"background-color":"var(--ast-global-color-5)","background-image":"","background-repeat":"repeat","background-position":"center center","background-size":"auto","background-attachment":"scroll","background-type":"","background-media":"","overlay-type":"","overlay-color":"","overlay-gradient":""},"mobile":{"background-color":"var(--ast-global-color-5)","background-image":"","background-repeat":"repeat","background-position":"center center","background-size":"auto","background-attachment":"scroll","background-type":"","background-media":"","overlay-type":"","overlay-color":"","overlay-gradient":""}},"footnotes":""},"class_list":["post-200","page","type-page","status-publish","hentry"],"yoast_head":"<!-- This site is optimized with the Yoast SEO plugin v23.7 - https:\/\/yoast.com\/wordpress\/plugins\/seo\/ -->\n<title>Formularz rezerwacji - Lawendowe Domki<\/title>\n<meta name=\"robots\" content=\"index, follow, max-snippet:-1, max-image-preview:large, max-video-preview:-1\" \/>\n<link rel=\"canonical\" href=\"https:\/\/lawendowylatoszyn.pl\/index.php\/wpbc-booking\/\" \/>\n<meta property=\"og:locale\" content=\"pl_PL\" \/>\n<meta property=\"og:type\" content=\"article\" \/>\n<meta property=\"og:title\" content=\"Formularz rezerwacji - Lawendowe Domki\" \/>\n<meta property=\"og:url\" content=\"https:\/\/lawendowylatoszyn.pl\/index.php\/wpbc-booking\/\" \/>\n<meta property=\"og:site_name\" content=\"Lawendowe Domki\" \/>\n<meta property=\"article:publisher\" content=\"https:\/\/www.facebook.com\/lawendowylatoszyn\" \/>\n<meta name=\"twitter:card\" content=\"summary_large_image\" \/>\n<script type=\"application\/ld+json\" class=\"yoast-schema-graph\">{\"@context\":\"https:\/\/schema.org\",\"@graph\":[{\"@type\":\"WebPage\",\"@id\":\"https:\/\/lawendowylatoszyn.pl\/index.php\/wpbc-booking\/\",\"url\":\"https:\/\/lawendowylatoszyn.pl\/index.php\/wpbc-booking\/\",\"name\":\"Formularz rezerwacji - Lawendowe Domki\",\"isPartOf\":{\"@id\":\"https:\/\/lawendowylatoszyn.pl\/#website\"},\"datePublished\":\"2024-01-02T04:55:41+00:00\",\"dateModified\":\"2024-01-02T04:55:41+00:00\",\"breadcrumb\":{\"@id\":\"https:\/\/lawendowylatoszyn.pl\/index.php\/wpbc-booking\/#breadcrumb\"},\"inLanguage\":\"pl-PL\",\"potentialAction\":[{\"@type\":\"ReadAction\",\"target\":[\"https:\/\/lawendowylatoszyn.pl\/index.php\/wpbc-booking\/\"]}]},{\"@type\":\"BreadcrumbList\",\"@id\":\"https:\/\/lawendowylatoszyn.pl\/index.php\/wpbc-booking\/#breadcrumb\",\"itemListElement\":[{\"@type\":\"ListItem\",\"position\":1,\"name\":\"Strona g\u0142\u00f3wna\",\"item\":\"https:\/\/lawendowylatoszyn.pl\/\"},{\"@type\":\"ListItem\",\"position\":2,\"name\":\"Formularz rezerwacji\"}]},{\"@type\":\"WebSite\",\"@id\":\"https:\/\/lawendowylatoszyn.pl\/#website\",\"url\":\"https:\/\/lawendowylatoszyn.pl\/\",\"name\":\"Lawendowe Domki\",\"description\":\"do wynaj\u0119cia w Uzdrowisku Latoszyn Zdr\u00f3j.\",\"publisher\":{\"@id\":\"https:\/\/lawendowylatoszyn.pl\/#organization\"},\"alternateName\":\"Lawendowe Domki\",\"potentialAction\":[{\"@type\":\"SearchAction\",\"target\":{\"@type\":\"EntryPoint\",\"urlTemplate\":\"https:\/\/lawendowylatoszyn.pl\/?s={search_term_string}\"},\"query-input\":{\"@type\":\"PropertyValueSpecification\",\"valueRequired\":true,\"valueName\":\"search_term_string\"}}],\"inLanguage\":\"pl-PL\"},{\"@type\":\"Organization\",\"@id\":\"https:\/\/lawendowylatoszyn.pl\/#organization\",\"name\":\"Lawendowe Domki\",\"alternateName\":\"Lawendowe Domki\",\"url\":\"https:\/\/lawendowylatoszyn.pl\/\",\"logo\":{\"@type\":\"ImageObject\",\"inLanguage\":\"pl-PL\",\"@id\":\"https:\/\/lawendowylatoszyn.pl\/#\/schema\/logo\/image\/\",\"url\":\"https:\/\/lawendowylatoszyn.pl\/wp-content\/uploads\/2023\/09\/LD_logo_FB.png\",\"contentUrl\":\"https:\/\/lawendowylatoszyn.pl\/wp-content\/uploads\/2023\/09\/LD_logo_FB.png\",\"width\":500,\"height\":500,\"caption\":\"Lawendowe Domki\"},\"image\":{\"@id\":\"https:\/\/lawendowylatoszyn.pl\/#\/schema\/logo\/image\/\"},\"sameAs\":[\"https:\/\/www.facebook.com\/lawendowylatoszyn\",\"https:\/\/www.instagram.com\/lawendowe.domki\"]}]}<\/script>\n<!-- \/ Yoast SEO plugin. -->","yoast_head_json":{"title":"Formularz rezerwacji - Lawendowe Domki","robots":{"index":"index","follow":"follow","max-snippet":"max-snippet:-1","max-image-preview":"max-image-preview:large","max-video-preview":"max-video-preview:-1"},"canonical":"https:\/\/lawendowylatoszyn.pl\/index.php\/wpbc-booking\/","og_locale":"pl_PL","og_type":"article","og_title":"Formularz rezerwacji - Lawendowe Domki","og_url":"https:\/\/lawendowylatoszyn.pl\/index.php\/wpbc-booking\/","og_site_name":"Lawendowe Domki","article_publisher":"https:\/\/www.facebook.com\/lawendowylatoszyn","twitter_card":"summary_large_image","schema":{"@context":"https:\/\/schema.org","@graph":[{"@type":"WebPage","@id":"https:\/\/lawendowylatoszyn.pl\/index.php\/wpbc-booking\/","url":"https:\/\/lawendowylatoszyn.pl\/index.php\/wpbc-booking\/","name":"Formularz rezerwacji - Lawendowe Domki","isPartOf":{"@id":"https:\/\/lawendowylatoszyn.pl\/#website"},"datePublished":"2024-01-02T04:55:41+00:00","dateModified":"2024-01-02T04:55:41+00:00","breadcrumb":{"@id":"https:\/\/lawendowylatoszyn.pl\/index.php\/wpbc-booking\/#breadcrumb"},"inLanguage":"pl-PL","potentialAction":[{"@type":"ReadAction","target":["https:\/\/lawendowylatoszyn.pl\/index.php\/wpbc-booking\/"]}]},{"@type":"BreadcrumbList","@id":"https:\/\/lawendowylatoszyn.pl\/index.php\/wpbc-booking\/#breadcrumb","itemListElement":[{"@type":"ListItem","position":1,"name":"Strona g\u0142\u00f3wna","item":"https:\/\/lawendowylatoszyn.pl\/"},{"@type":"ListItem","position":2,"name":"Formularz rezerwacji"}]},{"@type":"WebSite","@id":"https:\/\/lawendowylatoszyn.pl\/#website","url":"https:\/\/lawendowylatoszyn.pl\/","name":"Lawendowe Domki","description":"do wynaj\u0119cia w Uzdrowisku Latoszyn Zdr\u00f3j.","publisher":{"@id":"https:\/\/lawendowylatoszyn.pl\/#organization"},"alternateName":"Lawendowe Domki","potentialAction":[{"@type":"SearchAction","target":{"@type":"EntryPoint","urlTemplate":"https:\/\/lawendowylatoszyn.pl\/?s={search_term_string}"},"query-input":{"@type":"PropertyValueSpecification","valueRequired":true,"valueName":"search_term_string"}}],"inLanguage":"pl-PL"},{"@type":"Organization","@id":"https:\/\/lawendowylatoszyn.pl\/#organization","name":"Lawendowe Domki","alternateName":"Lawendowe Domki","url":"https:\/\/lawendowylatoszyn.pl\/","logo":{"@type":"ImageObject","inLanguage":"pl-PL","@id":"https:\/\/lawendowylatoszyn.pl\/#\/schema\/logo\/image\/","url":"https:\/\/lawendowylatoszyn.pl\/wp-content\/uploads\/2023\/09\/LD_logo_FB.png","contentUrl":"https:\/\/lawendowylatoszyn.pl\/wp-content\/uploads\/2023\/09\/LD_logo_FB.png","width":500,"height":500,"caption":"Lawendowe Domki"},"image":{"@id":"https:\/\/lawendowylatoszyn.pl\/#\/schema\/logo\/image\/"},"sameAs":["https:\/\/www.facebook.com\/lawendowylatoszyn","https:\/\/www.instagram.com\/lawendowe.domki"]}]}},"_links":{"self":[{"href":"https:\/\/lawendowylatoszyn.pl\/index.php\/wp-json\/wp\/v2\/pages\/200","targetHints":{"allow":["GET"]}}],"collection":[{"href":"https:\/\/lawendowylatoszyn.pl\/index.php\/wp-json\/wp\/v2\/pages"}],"about":[{"href":"https:\/\/lawendowylatoszyn.pl\/index.php\/wp-json\/wp\/v2\/types\/page"}],"author":[{"embeddable":true,"href":"https:\/\/lawendowylatoszyn.pl\/index.php\/wp-json\/wp\/v2\/users\/1"}],"replies":[{"embeddable":true,"href":"https:\/\/lawendowylatoszyn.pl\/index.php\/wp-json\/wp\/v2\/comments?post=200"}],"version-history":[{"count":0,"href":"https:\/\/lawendowylatoszyn.pl\/index.php\/wp-json\/wp\/v2\/pages\/200\/revisions"}],"wp:attachment":[{"href":"https:\/\/lawendowylatoszyn.pl\/index.php\/wp-json\/wp\/v2\/media?parent=200"}],"curies":[{"name":"wp","href":"https:\/\/api.w.org\/{rel}","templated":true}]}}